

{"id":446,"date":"2024-05-20T10:29:24","date_gmt":"2024-05-20T08:29:24","guid":{"rendered":"https:\/\/sihambekhti-avocat.com\/?page_id=446"},"modified":"2024-07-01T18:37:07","modified_gmt":"2024-07-01T16:37:07","slug":"honoraires","status":"publish","type":"page","link":"https:\/\/sihambekhti-avocat.com\/index.php\/honoraires\/","title":{"rendered":"Honoraires"},"content":{"rendered":"\t\t<div data-elementor-type=\"wp-page\" data-elementor-id=\"446\" class=\"elementor elementor-446\">\n\t\t\t\t<div class=\"elementor-element elementor-element-fd8e551 e-con-full e-flex e-con e-parent\" data-id=\"fd8e551\" data-element_type=\"container\">\n\t\t<div class=\"elementor-element elementor-element-8aa4423 e-con-full e-flex e-con e-child\" data-id=\"8aa4423\" data-element_type=\"container\">\n\t\t\t\t<div class=\"elementor-element elementor-element-da0b948 elementor-widget elementor-widget-heading\" data-id=\"da0b948\" data-element_type=\"widget\" data-widget_type=\"heading.default\">\n\t\t\t\t<div class=\"elementor-widget-container\">\n\t\t\t<style>\/*! elementor - v3.21.0 - 08-05-2024 *\/\n.elementor-heading-title{padding:0;margin:0;line-height:1}.elementor-widget-heading .elementor-heading-title[class*=elementor-size-]>a{color:inherit;font-size:inherit;line-height:inherit}.elementor-widget-heading .elementor-heading-title.elementor-size-small{font-size:15px}.elementor-widget-heading .elementor-heading-title.elementor-size-medium{font-size:19px}.elementor-widget-heading .elementor-heading-title.elementor-size-large{font-size:29px}.elementor-widget-heading .elementor-heading-title.elementor-size-xl{font-size:39px}.elementor-widget-heading .elementor-heading-title.elementor-size-xxl{font-size:59px}<\/style><h2 class=\"elementor-heading-title elementor-size-default\">Honoraires<\/h2>\t\t<\/div>\n\t\t\t\t<\/div>\n\t\t\t\t<div class=\"elementor-element elementor-element-7462fa8 elementor-widget elementor-widget-text-editor\" data-id=\"7462fa8\" data-element_type=\"widget\" data-widget_type=\"text-editor.default\">\n\t\t\t\t<div class=\"elementor-widget-container\">\n\t\t\t<style>\/*! elementor - v3.21.0 - 08-05-2024 *\/\n.elementor-widget-text-editor.elementor-drop-cap-view-stacked .elementor-drop-cap{background-color:#69727d;color:#fff}.elementor-widget-text-editor.elementor-drop-cap-view-framed .elementor-drop-cap{color:#69727d;border:3px solid;background-color:transparent}.elementor-widget-text-editor:not(.elementor-drop-cap-view-default) .elementor-drop-cap{margin-top:8px}.elementor-widget-text-editor:not(.elementor-drop-cap-view-default) .elementor-drop-cap-letter{width:1em;height:1em}.elementor-widget-text-editor .elementor-drop-cap{float:left;text-align:center;line-height:1;font-size:50px}.elementor-widget-text-editor .elementor-drop-cap-letter{display:inline-block}<\/style>\t\t\t\t<p><br><\/p><p>\u25aaMe BEKHTI fixe ses honoraires dans une convention \u00e9crite pr\u00e9alable \u00e0 toute intervention.<\/p>\n<p>\u25aaLa convention pr\u00e9voit les diligences \u00e0 accomplir ainsi que le prix de la prestation.<\/p>\n<p>\u25aaLes honoraires sont librement fix\u00e9s selon les r\u00e8gles applicables \u00e0 la profession d\u2019avocat sous une forme forfaitaire ou compte-tenu du temps pass\u00e9.<\/p>\n<p><span style=\"text-decoration: underline;\">D\u00e9termination des honoraires selon les r\u00e8gles applicables \u00e0 la profession d\u2019avocat (Art. 11-2 du RIN).<\/span><\/p>\n<p>Les honoraires sont fix\u00e9s selon les usages, en fonction de la situation de fortune du client, de la difficult\u00e9 de l\u2019affaire, des frais expos\u00e9s par l\u2019avocat, de sa notori\u00e9t\u00e9 et des diligences de celui-ci.<\/p>\n<p>L\u2019avocat charg\u00e9 d\u2019un dossier peut demander des honoraires \u00e0 son client m\u00eame si ce dossier lui est retir\u00e9 avant sa conclusion, dans la mesure du travail accompli.<\/p>\n<p>La r\u00e9mun\u00e9ration de l\u2019avocat est fonction, notamment, de chacun des \u00e9l\u00e9ments suivants conform\u00e9ment aux usages :<\/p>\n<p>&#8211; le temps consacr\u00e9 \u00e0 l\u2019affaire,<\/p>\n<p>&#8211; le travail de recherche,<\/p>\n<p>&#8211; la nature et la difficult\u00e9 de l\u2019affaire,<\/p>\n<p>&#8211; l\u2019importance des int\u00e9r\u00eats en cause,<\/p>\n<p>&#8211; l\u2019incidence des frais et charges du cabinet auquel il appartient,<\/p>\n<p>&#8211; sa notori\u00e9t\u00e9, ses titres, son anciennet\u00e9, son exp\u00e9rience et la sp\u00e9cialisation dont il est titulaire,<\/p>\n<p>&#8211; les avantages et le r\u00e9sultat obtenus au profit du client par son travail, ainsi que le service rendu \u00e0 celui-ci,<\/p>\n<p>&#8211; la situation de fortune du client.<\/p>\t\t\t\t\t\t<\/div>\n\t\t\t\t<\/div>\n\t\t\t\t<\/div>\n\t\t\t\t<\/div>\n\t\t\t\t<\/div>\n\t\t","protected":false},"excerpt":{"rendered":"<p>Honoraires \u25aaMe BEKHTI fixe ses honoraires dans une convention \u00e9crite pr\u00e9alable \u00e0 toute intervention. \u25aaLa convention pr\u00e9voit les diligences \u00e0 accomplir ainsi que le prix de la prestation. \u25aaLes honoraires sont librement fix\u00e9s selon les r\u00e8gles applicables \u00e0 la profession d\u2019avocat sous une forme forfaitaire ou compte-tenu du temps pass\u00e9. D\u00e9termination des honoraires selon les [&hellip;]<\/p>\n","protected":false},"author":1,"featured_media":0,"parent":0,"menu_order":0,"comment_status":"closed","ping_status":"closed","template":"elementor_header_footer","meta":{"footnotes":""},"class_list":["post-446","page","type-page","status-publish","hentry"],"_links":{"self":[{"href":"https:\/\/sihambekhti-avocat.com\/index.php\/wp-json\/wp\/v2\/pages\/446","targetHints":{"allow":["GET"]}}],"collection":[{"href":"https:\/\/sihambekhti-avocat.com\/index.php\/wp-json\/wp\/v2\/pages"}],"about":[{"href":"https:\/\/sihambekhti-avocat.com\/index.php\/wp-json\/wp\/v2\/types\/page"}],"author":[{"embeddable":true,"href":"https:\/\/sihambekhti-avocat.com\/index.php\/wp-json\/wp\/v2\/users\/1"}],"replies":[{"embeddable":true,"href":"https:\/\/sihambekhti-avocat.com\/index.php\/wp-json\/wp\/v2\/comments?post=446"}],"version-history":[{"count":124,"href":"https:\/\/sihambekhti-avocat.com\/index.php\/wp-json\/wp\/v2\/pages\/446\/revisions"}],"predecessor-version":[{"id":931,"href":"https:\/\/sihambekhti-avocat.com\/index.php\/wp-json\/wp\/v2\/pages\/446\/revisions\/931"}],"wp:attachment":[{"href":"https:\/\/sihambekhti-avocat.com\/index.php\/wp-json\/wp\/v2\/media?parent=446"}],"curies":[{"name":"wp","href":"https:\/\/api.w.org\/{rel}","templated":true}]}}